{"id":2776,"date":"2025-09-03T13:18:58","date_gmt":"2025-09-03T13:18:58","guid":{"rendered":"https:\/\/webshop.schlussakkord.de\/?post_type=product&#038;p=2776"},"modified":"2026-03-30T10:02:59","modified_gmt":"2026-03-30T10:02:59","slug":"schlussakkord-drehbuch-tour-11-04-2026-berlin-earlybird","status":"publish","type":"product","link":"https:\/\/webshop.schlussakkord.de\/?product=schlussakkord-drehbuch-tour-11-04-2026-berlin-earlybird","title":{"rendered":"SCHLUSSAKKORD &#8211; Break Out Rock &#8211; 20.11.2026 Berlin"},"content":{"rendered":"<p data-start=\"99\" data-end=\"158\"><strong data-start=\"99\" data-end=\"132\">SCHLUSSAKKORD \u2013 Break Out Rock<\/strong><strong data-start=\"135\" data-end=\"158\">\u00a0| Berlin<\/strong><\/p>\n<p data-start=\"160\" data-end=\"375\">Schlussakkord kommen mit ihrem aktuellen Album <em data-start=\"207\" data-end=\"219\">\u201eDrehbuch\u201c<\/em> nach Berlin. Die Band steht f\u00fcr deutschsprachige Songs mit klarer Haltung, direkter Ansprache und einer kompromisslosen, energiegeladenen Live-Performance.<\/p>\n<p data-start=\"377\" data-end=\"497\">Im Zentrum des Abends stehen die neuen Songs des Albums, erg\u00e4nzt durch ausgew\u00e4hlte St\u00fccke aus dem bisherigen Repertoire.<\/p>\n<p data-start=\"499\" data-end=\"666\">Als Support ist <strong data-start=\"520\" data-end=\"532\">Leidbild<\/strong> aus Frankfurt (Main) mit dabei. Er\u00f6ffnet wird der Abend von <strong data-start=\"593\" data-end=\"605\">Wild Past<\/strong>, die mit ordentlich Druck f\u00fcr den perfekten Einstieg sorgen.<\/p>\n<p data-start=\"668\" data-end=\"762\">Freut euch auf einen intensiven Konzertabend \u2013 laut, ehrlich und gemeinsam mit euch in Berlin.<\/p>\n","protected":false},"excerpt":{"rendered":"<p>SCHLUSSAKKORD \u2013 Break Out Rock\u00a0| Berlin Schlussakkord kommen mit ihrem aktuellen Album \u201eDrehbuch\u201c nach Berlin. Die Band steht f\u00fcr deutschsprachige Songs mit klarer Haltung, direkter Ansprache und einer kompromisslosen, energiegeladenen Live-Performance. Im Zentrum des Abends stehen die neuen Songs des Albums, erg\u00e4nzt durch ausgew\u00e4hlte St\u00fccke&hellip;<\/p>\n","protected":false},"featured_media":2880,"template":"","meta":[],"product_brand":[],"product_cat":[58],"product_tag":[],"class_list":{"0":"post-2776","1":"product","2":"type-product","3":"status-publish","4":"has-post-thumbnail","6":"product_cat-tickets","8":"first","9":"instock","10":"product-type-external"},"yoast_head":"<!-- This site is optimized with the Yoast SEO plugin v26.9 - https:\/\/yoast.com\/product\/yoast-seo-wordpress\/ -->\n<title>SCHLUSSAKKORD - Break Out Rock - 20.11.2026 Berlin - Online Shop<\/title>\n<meta name=\"robots\" content=\"index, follow, max-snippet:-1, max-image-preview:large, max-video-preview:-1\" \/>\n<link rel=\"canonical\" href=\"https:\/\/webshop.schlussakkord.de\/?product=schlussakkord-drehbuch-tour-11-04-2026-berlin-earlybird\" \/>\n<meta property=\"og:locale\" content=\"de_DE\" \/>\n<meta property=\"og:type\" content=\"article\" \/>\n<meta property=\"og:title\" content=\"SCHLUSSAKKORD - Break Out Rock - 20.11.2026 Berlin - Online Shop\" \/>\n<meta property=\"og:description\" content=\"SCHLUSSAKKORD \u2013 Break Out Rock\u00a0| Berlin Schlussakkord kommen mit ihrem aktuellen Album \u201eDrehbuch\u201c nach Berlin. Die Band steht f\u00fcr deutschsprachige Songs mit klarer Haltung, direkter Ansprache und einer kompromisslosen, energiegeladenen Live-Performance. Im Zentrum des Abends stehen die neuen Songs des Albums, erg\u00e4nzt durch ausgew\u00e4hlte St\u00fccke&hellip;\" \/>\n<meta property=\"og:url\" content=\"https:\/\/webshop.schlussakkord.de\/?product=schlussakkord-drehbuch-tour-11-04-2026-berlin-earlybird\" \/>\n<meta property=\"og:site_name\" content=\"Online Shop\" \/>\n<meta property=\"article:modified_time\" content=\"2026-03-30T10:02:59+00:00\" \/>\n<meta property=\"og:image\" content=\"https:\/\/webshop.schlussakkord.de\/wp-content\/uploads\/2025\/09\/BOR-Berlin-e1774864942814.jpg\" \/>\n\t<meta property=\"og:image:width\" content=\"1586\" \/>\n\t<meta property=\"og:image:height\" content=\"1610\" \/>\n\t<meta property=\"og:image:type\" content=\"image\/jpeg\" \/>\n<meta name=\"twitter:card\" content=\"summary_large_image\" \/>\n<meta name=\"twitter:label1\" content=\"Gesch\u00e4tzte Lesezeit\" \/>\n\t<meta name=\"twitter:data1\" content=\"1\u00a0Minute\" \/>\n<script type=\"application\/ld+json\" class=\"yoast-schema-graph\">{\"@context\":\"https:\/\/schema.org\",\"@graph\":[{\"@type\":\"WebPage\",\"@id\":\"https:\/\/webshop.schlussakkord.de\/?product=schlussakkord-drehbuch-tour-11-04-2026-berlin-earlybird\",\"url\":\"https:\/\/webshop.schlussakkord.de\/?product=schlussakkord-drehbuch-tour-11-04-2026-berlin-earlybird\",\"name\":\"SCHLUSSAKKORD - Break Out Rock - 20.11.2026 Berlin - Online Shop\",\"isPartOf\":{\"@id\":\"https:\/\/webshop.schlussakkord.de\/#website\"},\"primaryImageOfPage\":{\"@id\":\"https:\/\/webshop.schlussakkord.de\/?product=schlussakkord-drehbuch-tour-11-04-2026-berlin-earlybird#primaryimage\"},\"image\":{\"@id\":\"https:\/\/webshop.schlussakkord.de\/?product=schlussakkord-drehbuch-tour-11-04-2026-berlin-earlybird#primaryimage\"},\"thumbnailUrl\":\"https:\/\/webshop.schlussakkord.de\/wp-content\/uploads\/2025\/09\/BOR-Berlin-e1774864942814.jpg\",\"datePublished\":\"2025-09-03T13:18:58+00:00\",\"dateModified\":\"2026-03-30T10:02:59+00:00\",\"breadcrumb\":{\"@id\":\"https:\/\/webshop.schlussakkord.de\/?product=schlussakkord-drehbuch-tour-11-04-2026-berlin-earlybird#breadcrumb\"},\"inLanguage\":\"de\",\"potentialAction\":[{\"@type\":\"ReadAction\",\"target\":[\"https:\/\/webshop.schlussakkord.de\/?product=schlussakkord-drehbuch-tour-11-04-2026-berlin-earlybird\"]}]},{\"@type\":\"ImageObject\",\"inLanguage\":\"de\",\"@id\":\"https:\/\/webshop.schlussakkord.de\/?product=schlussakkord-drehbuch-tour-11-04-2026-berlin-earlybird#primaryimage\",\"url\":\"https:\/\/webshop.schlussakkord.de\/wp-content\/uploads\/2025\/09\/BOR-Berlin-e1774864942814.jpg\",\"contentUrl\":\"https:\/\/webshop.schlussakkord.de\/wp-content\/uploads\/2025\/09\/BOR-Berlin-e1774864942814.jpg\",\"width\":1586,\"height\":1610},{\"@type\":\"BreadcrumbList\",\"@id\":\"https:\/\/webshop.schlussakkord.de\/?product=schlussakkord-drehbuch-tour-11-04-2026-berlin-earlybird#breadcrumb\",\"itemListElement\":[{\"@type\":\"ListItem\",\"position\":1,\"name\":\"Home\",\"item\":\"https:\/\/webshop.schlussakkord.de\/\"},{\"@type\":\"ListItem\",\"position\":2,\"name\":\"Shop\",\"item\":\"https:\/\/webshop.schlussakkord.de\/\"},{\"@type\":\"ListItem\",\"position\":3,\"name\":\"SCHLUSSAKKORD &#8211; Break Out Rock &#8211; 20.11.2026 Berlin\"}]},{\"@type\":\"WebSite\",\"@id\":\"https:\/\/webshop.schlussakkord.de\/#website\",\"url\":\"https:\/\/webshop.schlussakkord.de\/\",\"name\":\"Online Shop\",\"description\":\"\",\"publisher\":{\"@id\":\"https:\/\/webshop.schlussakkord.de\/#organization\"},\"potentialAction\":[{\"@type\":\"SearchAction\",\"target\":{\"@type\":\"EntryPoint\",\"urlTemplate\":\"https:\/\/webshop.schlussakkord.de\/?s={search_term_string}\"},\"query-input\":{\"@type\":\"PropertyValueSpecification\",\"valueRequired\":true,\"valueName\":\"search_term_string\"}}],\"inLanguage\":\"de\"},{\"@type\":\"Organization\",\"@id\":\"https:\/\/webshop.schlussakkord.de\/#organization\",\"name\":\"Online Shop\",\"url\":\"https:\/\/webshop.schlussakkord.de\/\",\"logo\":{\"@type\":\"ImageObject\",\"inLanguage\":\"de\",\"@id\":\"https:\/\/webshop.schlussakkord.de\/#\/schema\/logo\/image\/\",\"url\":\"https:\/\/webshop.schlussakkord.de\/wp-content\/uploads\/2022\/07\/cropped-schriftzug-schlussakkord-black.png\",\"contentUrl\":\"https:\/\/webshop.schlussakkord.de\/wp-content\/uploads\/2022\/07\/cropped-schriftzug-schlussakkord-black.png\",\"width\":9978,\"height\":2591,\"caption\":\"Online Shop\"},\"image\":{\"@id\":\"https:\/\/webshop.schlussakkord.de\/#\/schema\/logo\/image\/\"}}]}<\/script>\n<!-- \/ Yoast SEO plugin. -->","yoast_head_json":{"title":"SCHLUSSAKKORD - Break Out Rock - 20.11.2026 Berlin - Online Shop","robots":{"index":"index","follow":"follow","max-snippet":"max-snippet:-1","max-image-preview":"max-image-preview:large","max-video-preview":"max-video-preview:-1"},"canonical":"https:\/\/webshop.schlussakkord.de\/?product=schlussakkord-drehbuch-tour-11-04-2026-berlin-earlybird","og_locale":"de_DE","og_type":"article","og_title":"SCHLUSSAKKORD - Break Out Rock - 20.11.2026 Berlin - Online Shop","og_description":"SCHLUSSAKKORD \u2013 Break Out Rock\u00a0| Berlin Schlussakkord kommen mit ihrem aktuellen Album \u201eDrehbuch\u201c nach Berlin. Die Band steht f\u00fcr deutschsprachige Songs mit klarer Haltung, direkter Ansprache und einer kompromisslosen, energiegeladenen Live-Performance. Im Zentrum des Abends stehen die neuen Songs des Albums, erg\u00e4nzt durch ausgew\u00e4hlte St\u00fccke&hellip;","og_url":"https:\/\/webshop.schlussakkord.de\/?product=schlussakkord-drehbuch-tour-11-04-2026-berlin-earlybird","og_site_name":"Online Shop","article_modified_time":"2026-03-30T10:02:59+00:00","og_image":[{"width":1586,"height":1610,"url":"https:\/\/webshop.schlussakkord.de\/wp-content\/uploads\/2025\/09\/BOR-Berlin-e1774864942814.jpg","type":"image\/jpeg"}],"twitter_card":"summary_large_image","twitter_misc":{"Gesch\u00e4tzte Lesezeit":"1\u00a0Minute"},"schema":{"@context":"https:\/\/schema.org","@graph":[{"@type":"WebPage","@id":"https:\/\/webshop.schlussakkord.de\/?product=schlussakkord-drehbuch-tour-11-04-2026-berlin-earlybird","url":"https:\/\/webshop.schlussakkord.de\/?product=schlussakkord-drehbuch-tour-11-04-2026-berlin-earlybird","name":"SCHLUSSAKKORD - Break Out Rock - 20.11.2026 Berlin - Online Shop","isPartOf":{"@id":"https:\/\/webshop.schlussakkord.de\/#website"},"primaryImageOfPage":{"@id":"https:\/\/webshop.schlussakkord.de\/?product=schlussakkord-drehbuch-tour-11-04-2026-berlin-earlybird#primaryimage"},"image":{"@id":"https:\/\/webshop.schlussakkord.de\/?product=schlussakkord-drehbuch-tour-11-04-2026-berlin-earlybird#primaryimage"},"thumbnailUrl":"https:\/\/webshop.schlussakkord.de\/wp-content\/uploads\/2025\/09\/BOR-Berlin-e1774864942814.jpg","datePublished":"2025-09-03T13:18:58+00:00","dateModified":"2026-03-30T10:02:59+00:00","breadcrumb":{"@id":"https:\/\/webshop.schlussakkord.de\/?product=schlussakkord-drehbuch-tour-11-04-2026-berlin-earlybird#breadcrumb"},"inLanguage":"de","potentialAction":[{"@type":"ReadAction","target":["https:\/\/webshop.schlussakkord.de\/?product=schlussakkord-drehbuch-tour-11-04-2026-berlin-earlybird"]}]},{"@type":"ImageObject","inLanguage":"de","@id":"https:\/\/webshop.schlussakkord.de\/?product=schlussakkord-drehbuch-tour-11-04-2026-berlin-earlybird#primaryimage","url":"https:\/\/webshop.schlussakkord.de\/wp-content\/uploads\/2025\/09\/BOR-Berlin-e1774864942814.jpg","contentUrl":"https:\/\/webshop.schlussakkord.de\/wp-content\/uploads\/2025\/09\/BOR-Berlin-e1774864942814.jpg","width":1586,"height":1610},{"@type":"BreadcrumbList","@id":"https:\/\/webshop.schlussakkord.de\/?product=schlussakkord-drehbuch-tour-11-04-2026-berlin-earlybird#breadcrumb","itemListElement":[{"@type":"ListItem","position":1,"name":"Home","item":"https:\/\/webshop.schlussakkord.de\/"},{"@type":"ListItem","position":2,"name":"Shop","item":"https:\/\/webshop.schlussakkord.de\/"},{"@type":"ListItem","position":3,"name":"SCHLUSSAKKORD &#8211; Break Out Rock &#8211; 20.11.2026 Berlin"}]},{"@type":"WebSite","@id":"https:\/\/webshop.schlussakkord.de\/#website","url":"https:\/\/webshop.schlussakkord.de\/","name":"Online Shop","description":"","publisher":{"@id":"https:\/\/webshop.schlussakkord.de\/#organization"},"potentialAction":[{"@type":"SearchAction","target":{"@type":"EntryPoint","urlTemplate":"https:\/\/webshop.schlussakkord.de\/?s={search_term_string}"},"query-input":{"@type":"PropertyValueSpecification","valueRequired":true,"valueName":"search_term_string"}}],"inLanguage":"de"},{"@type":"Organization","@id":"https:\/\/webshop.schlussakkord.de\/#organization","name":"Online Shop","url":"https:\/\/webshop.schlussakkord.de\/","logo":{"@type":"ImageObject","inLanguage":"de","@id":"https:\/\/webshop.schlussakkord.de\/#\/schema\/logo\/image\/","url":"https:\/\/webshop.schlussakkord.de\/wp-content\/uploads\/2022\/07\/cropped-schriftzug-schlussakkord-black.png","contentUrl":"https:\/\/webshop.schlussakkord.de\/wp-content\/uploads\/2022\/07\/cropped-schriftzug-schlussakkord-black.png","width":9978,"height":2591,"caption":"Online Shop"},"image":{"@id":"https:\/\/webshop.schlussakkord.de\/#\/schema\/logo\/image\/"}}]}},"jetpack_sharing_enabled":true,"_links":{"self":[{"href":"https:\/\/webshop.schlussakkord.de\/index.php?rest_route=\/wp\/v2\/product\/2776","targetHints":{"allow":["GET"]}}],"collection":[{"href":"https:\/\/webshop.schlussakkord.de\/index.php?rest_route=\/wp\/v2\/product"}],"about":[{"href":"https:\/\/webshop.schlussakkord.de\/index.php?rest_route=\/wp\/v2\/types\/product"}],"wp:featuredmedia":[{"embeddable":true,"href":"https:\/\/webshop.schlussakkord.de\/index.php?rest_route=\/wp\/v2\/media\/2880"}],"wp:attachment":[{"href":"https:\/\/webshop.schlussakkord.de\/index.php?rest_route=%2Fwp%2Fv2%2Fmedia&parent=2776"}],"wp:term":[{"taxonomy":"product_brand","embeddable":true,"href":"https:\/\/webshop.schlussakkord.de\/index.php?rest_route=%2Fwp%2Fv2%2Fproduct_brand&post=2776"},{"taxonomy":"product_cat","embeddable":true,"href":"https:\/\/webshop.schlussakkord.de\/index.php?rest_route=%2Fwp%2Fv2%2Fproduct_cat&post=2776"},{"taxonomy":"product_tag","embeddable":true,"href":"https:\/\/webshop.schlussakkord.de\/index.php?rest_route=%2Fwp%2Fv2%2Fproduct_tag&post=2776"}],"curies":[{"name":"wp","href":"https:\/\/api.w.org\/{rel}","templated":true}]}}