{"id":2764,"date":"2025-09-03T12:56:37","date_gmt":"2025-09-03T12:56:37","guid":{"rendered":"https:\/\/webshop.schlussakkord.de\/?post_type=product&#038;p=2764"},"modified":"2026-01-27T14:38:25","modified_gmt":"2026-01-27T14:38:25","slug":"schlussakkord-drehbuch-tour-30-01-2026-bochum-earlybird","status":"publish","type":"product","link":"https:\/\/webshop.schlussakkord.de\/?product=schlussakkord-drehbuch-tour-30-01-2026-bochum-earlybird","title":{"rendered":"SCHLUSSAKKORD &#8211; Drehbuch Tour &#8211; 03.10.2026 Bochum"},"content":{"rendered":"<p>SCHLUSSAKKORD &#8211; Drehbuch Tour &#8211; 03.10.2026 Bochum<\/p>\n<p>Schlussakkord gehen mit ihrem aktuellen Album \u201eDrehbuch\u201c auf Tour. Die Band steht f\u00fcr deutschsprachige Songs mit direkter Ansprache und energiegeladener Live-Umsetzung.<\/p>\n<p>Im Mittelpunkt der Shows stehen die neuen Tracks, erg\u00e4nzt durch ausgew\u00e4hlte \u00e4ltere Songs.<\/p>\n<p>Als Tour-Support ist Hartholz aus Frankfurt an der Oder dabei, zus\u00e4tzlich wird jede Show von einem lokalen Support er\u00f6ffnet.<\/p>\n<p>Die \u201eDrehbuch\u201c-Tour zeigt Schlussakkord nahbar, laut und konsequent live.<\/p>\n","protected":false},"excerpt":{"rendered":"<p>SCHLUSSAKKORD &#8211; Drehbuch Tour &#8211; 03.10.2026 Bochum Schlussakkord gehen mit ihrem aktuellen Album \u201eDrehbuch\u201c auf Tour. Die Band steht f\u00fcr deutschsprachige Songs mit direkter Ansprache und energiegeladener Live-Umsetzung. Im Mittelpunkt der Shows stehen die neuen Tracks, erg\u00e4nzt durch ausgew\u00e4hlte \u00e4ltere Songs. Als Tour-Support ist Hartholz&hellip;<\/p>\n","protected":false},"featured_media":2866,"template":"","meta":[],"product_brand":[],"product_cat":[58],"product_tag":[],"class_list":{"0":"post-2764","1":"product","2":"type-product","3":"status-publish","4":"has-post-thumbnail","6":"product_cat-tickets","8":"first","9":"instock","10":"product-type-external"},"yoast_head":"<!-- This site is optimized with the Yoast SEO plugin v26.9 - https:\/\/yoast.com\/product\/yoast-seo-wordpress\/ -->\n<title>SCHLUSSAKKORD - Drehbuch Tour - 03.10.2026 Bochum - Online Shop<\/title>\n<meta name=\"robots\" content=\"index, follow, max-snippet:-1, max-image-preview:large, max-video-preview:-1\" \/>\n<link rel=\"canonical\" href=\"https:\/\/webshop.schlussakkord.de\/?product=schlussakkord-drehbuch-tour-30-01-2026-bochum-earlybird\" \/>\n<meta property=\"og:locale\" content=\"de_DE\" \/>\n<meta property=\"og:type\" content=\"article\" \/>\n<meta property=\"og:title\" content=\"SCHLUSSAKKORD - Drehbuch Tour - 03.10.2026 Bochum - Online Shop\" \/>\n<meta property=\"og:description\" content=\"SCHLUSSAKKORD &#8211; Drehbuch Tour &#8211; 03.10.2026 Bochum Schlussakkord gehen mit ihrem aktuellen Album \u201eDrehbuch\u201c auf Tour. Die Band steht f\u00fcr deutschsprachige Songs mit direkter Ansprache und energiegeladener Live-Umsetzung. Im Mittelpunkt der Shows stehen die neuen Tracks, erg\u00e4nzt durch ausgew\u00e4hlte \u00e4ltere Songs. Als Tour-Support ist Hartholz&hellip;\" \/>\n<meta property=\"og:url\" content=\"https:\/\/webshop.schlussakkord.de\/?product=schlussakkord-drehbuch-tour-30-01-2026-bochum-earlybird\" \/>\n<meta property=\"og:site_name\" content=\"Online Shop\" \/>\n<meta property=\"article:modified_time\" content=\"2026-01-27T14:38:25+00:00\" \/>\n<meta property=\"og:image\" content=\"https:\/\/webshop.schlussakkord.de\/wp-content\/uploads\/2025\/09\/matrixquadratdatum.png\" \/>\n\t<meta property=\"og:image:width\" content=\"1104\" \/>\n\t<meta property=\"og:image:height\" content=\"1110\" \/>\n\t<meta property=\"og:image:type\" content=\"image\/png\" \/>\n<meta name=\"twitter:card\" content=\"summary_large_image\" \/>\n<meta name=\"twitter:label1\" content=\"Gesch\u00e4tzte Lesezeit\" \/>\n\t<meta name=\"twitter:data1\" content=\"1\u00a0Minute\" \/>\n<script type=\"application\/ld+json\" class=\"yoast-schema-graph\">{\"@context\":\"https:\/\/schema.org\",\"@graph\":[{\"@type\":\"WebPage\",\"@id\":\"https:\/\/webshop.schlussakkord.de\/?product=schlussakkord-drehbuch-tour-30-01-2026-bochum-earlybird\",\"url\":\"https:\/\/webshop.schlussakkord.de\/?product=schlussakkord-drehbuch-tour-30-01-2026-bochum-earlybird\",\"name\":\"SCHLUSSAKKORD - Drehbuch Tour - 03.10.2026 Bochum - Online Shop\",\"isPartOf\":{\"@id\":\"https:\/\/webshop.schlussakkord.de\/#website\"},\"primaryImageOfPage\":{\"@id\":\"https:\/\/webshop.schlussakkord.de\/?product=schlussakkord-drehbuch-tour-30-01-2026-bochum-earlybird#primaryimage\"},\"image\":{\"@id\":\"https:\/\/webshop.schlussakkord.de\/?product=schlussakkord-drehbuch-tour-30-01-2026-bochum-earlybird#primaryimage\"},\"thumbnailUrl\":\"https:\/\/webshop.schlussakkord.de\/wp-content\/uploads\/2025\/09\/matrixquadratdatum.png\",\"datePublished\":\"2025-09-03T12:56:37+00:00\",\"dateModified\":\"2026-01-27T14:38:25+00:00\",\"breadcrumb\":{\"@id\":\"https:\/\/webshop.schlussakkord.de\/?product=schlussakkord-drehbuch-tour-30-01-2026-bochum-earlybird#breadcrumb\"},\"inLanguage\":\"de\",\"potentialAction\":[{\"@type\":\"ReadAction\",\"target\":[\"https:\/\/webshop.schlussakkord.de\/?product=schlussakkord-drehbuch-tour-30-01-2026-bochum-earlybird\"]}]},{\"@type\":\"ImageObject\",\"inLanguage\":\"de\",\"@id\":\"https:\/\/webshop.schlussakkord.de\/?product=schlussakkord-drehbuch-tour-30-01-2026-bochum-earlybird#primaryimage\",\"url\":\"https:\/\/webshop.schlussakkord.de\/wp-content\/uploads\/2025\/09\/matrixquadratdatum.png\",\"contentUrl\":\"https:\/\/webshop.schlussakkord.de\/wp-content\/uploads\/2025\/09\/matrixquadratdatum.png\",\"width\":1104,\"height\":1110},{\"@type\":\"BreadcrumbList\",\"@id\":\"https:\/\/webshop.schlussakkord.de\/?product=schlussakkord-drehbuch-tour-30-01-2026-bochum-earlybird#breadcrumb\",\"itemListElement\":[{\"@type\":\"ListItem\",\"position\":1,\"name\":\"Home\",\"item\":\"https:\/\/webshop.schlussakkord.de\/\"},{\"@type\":\"ListItem\",\"position\":2,\"name\":\"Shop\",\"item\":\"https:\/\/webshop.schlussakkord.de\/\"},{\"@type\":\"ListItem\",\"position\":3,\"name\":\"SCHLUSSAKKORD &#8211; Drehbuch Tour &#8211; 03.10.2026 Bochum\"}]},{\"@type\":\"WebSite\",\"@id\":\"https:\/\/webshop.schlussakkord.de\/#website\",\"url\":\"https:\/\/webshop.schlussakkord.de\/\",\"name\":\"Online Shop\",\"description\":\"\",\"publisher\":{\"@id\":\"https:\/\/webshop.schlussakkord.de\/#organization\"},\"potentialAction\":[{\"@type\":\"SearchAction\",\"target\":{\"@type\":\"EntryPoint\",\"urlTemplate\":\"https:\/\/webshop.schlussakkord.de\/?s={search_term_string}\"},\"query-input\":{\"@type\":\"PropertyValueSpecification\",\"valueRequired\":true,\"valueName\":\"search_term_string\"}}],\"inLanguage\":\"de\"},{\"@type\":\"Organization\",\"@id\":\"https:\/\/webshop.schlussakkord.de\/#organization\",\"name\":\"Online Shop\",\"url\":\"https:\/\/webshop.schlussakkord.de\/\",\"logo\":{\"@type\":\"ImageObject\",\"inLanguage\":\"de\",\"@id\":\"https:\/\/webshop.schlussakkord.de\/#\/schema\/logo\/image\/\",\"url\":\"https:\/\/webshop.schlussakkord.de\/wp-content\/uploads\/2022\/07\/cropped-schriftzug-schlussakkord-black.png\",\"contentUrl\":\"https:\/\/webshop.schlussakkord.de\/wp-content\/uploads\/2022\/07\/cropped-schriftzug-schlussakkord-black.png\",\"width\":9978,\"height\":2591,\"caption\":\"Online Shop\"},\"image\":{\"@id\":\"https:\/\/webshop.schlussakkord.de\/#\/schema\/logo\/image\/\"}}]}<\/script>\n<!-- \/ Yoast SEO plugin. -->","yoast_head_json":{"title":"SCHLUSSAKKORD - Drehbuch Tour - 03.10.2026 Bochum - Online Shop","robots":{"index":"index","follow":"follow","max-snippet":"max-snippet:-1","max-image-preview":"max-image-preview:large","max-video-preview":"max-video-preview:-1"},"canonical":"https:\/\/webshop.schlussakkord.de\/?product=schlussakkord-drehbuch-tour-30-01-2026-bochum-earlybird","og_locale":"de_DE","og_type":"article","og_title":"SCHLUSSAKKORD - Drehbuch Tour - 03.10.2026 Bochum - Online Shop","og_description":"SCHLUSSAKKORD &#8211; Drehbuch Tour &#8211; 03.10.2026 Bochum Schlussakkord gehen mit ihrem aktuellen Album \u201eDrehbuch\u201c auf Tour. Die Band steht f\u00fcr deutschsprachige Songs mit direkter Ansprache und energiegeladener Live-Umsetzung. Im Mittelpunkt der Shows stehen die neuen Tracks, erg\u00e4nzt durch ausgew\u00e4hlte \u00e4ltere Songs. Als Tour-Support ist Hartholz&hellip;","og_url":"https:\/\/webshop.schlussakkord.de\/?product=schlussakkord-drehbuch-tour-30-01-2026-bochum-earlybird","og_site_name":"Online Shop","article_modified_time":"2026-01-27T14:38:25+00:00","og_image":[{"width":1104,"height":1110,"url":"https:\/\/webshop.schlussakkord.de\/wp-content\/uploads\/2025\/09\/matrixquadratdatum.png","type":"image\/png"}],"twitter_card":"summary_large_image","twitter_misc":{"Gesch\u00e4tzte Lesezeit":"1\u00a0Minute"},"schema":{"@context":"https:\/\/schema.org","@graph":[{"@type":"WebPage","@id":"https:\/\/webshop.schlussakkord.de\/?product=schlussakkord-drehbuch-tour-30-01-2026-bochum-earlybird","url":"https:\/\/webshop.schlussakkord.de\/?product=schlussakkord-drehbuch-tour-30-01-2026-bochum-earlybird","name":"SCHLUSSAKKORD - Drehbuch Tour - 03.10.2026 Bochum - Online Shop","isPartOf":{"@id":"https:\/\/webshop.schlussakkord.de\/#website"},"primaryImageOfPage":{"@id":"https:\/\/webshop.schlussakkord.de\/?product=schlussakkord-drehbuch-tour-30-01-2026-bochum-earlybird#primaryimage"},"image":{"@id":"https:\/\/webshop.schlussakkord.de\/?product=schlussakkord-drehbuch-tour-30-01-2026-bochum-earlybird#primaryimage"},"thumbnailUrl":"https:\/\/webshop.schlussakkord.de\/wp-content\/uploads\/2025\/09\/matrixquadratdatum.png","datePublished":"2025-09-03T12:56:37+00:00","dateModified":"2026-01-27T14:38:25+00:00","breadcrumb":{"@id":"https:\/\/webshop.schlussakkord.de\/?product=schlussakkord-drehbuch-tour-30-01-2026-bochum-earlybird#breadcrumb"},"inLanguage":"de","potentialAction":[{"@type":"ReadAction","target":["https:\/\/webshop.schlussakkord.de\/?product=schlussakkord-drehbuch-tour-30-01-2026-bochum-earlybird"]}]},{"@type":"ImageObject","inLanguage":"de","@id":"https:\/\/webshop.schlussakkord.de\/?product=schlussakkord-drehbuch-tour-30-01-2026-bochum-earlybird#primaryimage","url":"https:\/\/webshop.schlussakkord.de\/wp-content\/uploads\/2025\/09\/matrixquadratdatum.png","contentUrl":"https:\/\/webshop.schlussakkord.de\/wp-content\/uploads\/2025\/09\/matrixquadratdatum.png","width":1104,"height":1110},{"@type":"BreadcrumbList","@id":"https:\/\/webshop.schlussakkord.de\/?product=schlussakkord-drehbuch-tour-30-01-2026-bochum-earlybird#breadcrumb","itemListElement":[{"@type":"ListItem","position":1,"name":"Home","item":"https:\/\/webshop.schlussakkord.de\/"},{"@type":"ListItem","position":2,"name":"Shop","item":"https:\/\/webshop.schlussakkord.de\/"},{"@type":"ListItem","position":3,"name":"SCHLUSSAKKORD &#8211; Drehbuch Tour &#8211; 03.10.2026 Bochum"}]},{"@type":"WebSite","@id":"https:\/\/webshop.schlussakkord.de\/#website","url":"https:\/\/webshop.schlussakkord.de\/","name":"Online Shop","description":"","publisher":{"@id":"https:\/\/webshop.schlussakkord.de\/#organization"},"potentialAction":[{"@type":"SearchAction","target":{"@type":"EntryPoint","urlTemplate":"https:\/\/webshop.schlussakkord.de\/?s={search_term_string}"},"query-input":{"@type":"PropertyValueSpecification","valueRequired":true,"valueName":"search_term_string"}}],"inLanguage":"de"},{"@type":"Organization","@id":"https:\/\/webshop.schlussakkord.de\/#organization","name":"Online Shop","url":"https:\/\/webshop.schlussakkord.de\/","logo":{"@type":"ImageObject","inLanguage":"de","@id":"https:\/\/webshop.schlussakkord.de\/#\/schema\/logo\/image\/","url":"https:\/\/webshop.schlussakkord.de\/wp-content\/uploads\/2022\/07\/cropped-schriftzug-schlussakkord-black.png","contentUrl":"https:\/\/webshop.schlussakkord.de\/wp-content\/uploads\/2022\/07\/cropped-schriftzug-schlussakkord-black.png","width":9978,"height":2591,"caption":"Online Shop"},"image":{"@id":"https:\/\/webshop.schlussakkord.de\/#\/schema\/logo\/image\/"}}]}},"jetpack_sharing_enabled":true,"_links":{"self":[{"href":"https:\/\/webshop.schlussakkord.de\/index.php?rest_route=\/wp\/v2\/product\/2764","targetHints":{"allow":["GET"]}}],"collection":[{"href":"https:\/\/webshop.schlussakkord.de\/index.php?rest_route=\/wp\/v2\/product"}],"about":[{"href":"https:\/\/webshop.schlussakkord.de\/index.php?rest_route=\/wp\/v2\/types\/product"}],"wp:featuredmedia":[{"embeddable":true,"href":"https:\/\/webshop.schlussakkord.de\/index.php?rest_route=\/wp\/v2\/media\/2866"}],"wp:attachment":[{"href":"https:\/\/webshop.schlussakkord.de\/index.php?rest_route=%2Fwp%2Fv2%2Fmedia&parent=2764"}],"wp:term":[{"taxonomy":"product_brand","embeddable":true,"href":"https:\/\/webshop.schlussakkord.de\/index.php?rest_route=%2Fwp%2Fv2%2Fproduct_brand&post=2764"},{"taxonomy":"product_cat","embeddable":true,"href":"https:\/\/webshop.schlussakkord.de\/index.php?rest_route=%2Fwp%2Fv2%2Fproduct_cat&post=2764"},{"taxonomy":"product_tag","embeddable":true,"href":"https:\/\/webshop.schlussakkord.de\/index.php?rest_route=%2Fwp%2Fv2%2Fproduct_tag&post=2764"}],"curies":[{"name":"wp","href":"https:\/\/api.w.org\/{rel}","templated":true}]}}