{"id":2293,"date":"2022-05-11T09:40:28","date_gmt":"2022-05-11T09:40:28","guid":{"rendered":"https:\/\/webshop.schlussakkord.de\/?post_type=product&#038;p=2293"},"modified":"2023-10-29T20:05:24","modified_gmt":"2023-10-29T20:05:24","slug":"tape-schlussakkord-spiegelbild-der-zeit-album-2020","status":"publish","type":"product","link":"https:\/\/webshop.schlussakkord.de\/?product=tape-schlussakkord-spiegelbild-der-zeit-album-2020","title":{"rendered":"Tape: Schlussakkord &#8211; Spiegelbild der Zeit (Album 2020)"},"content":{"rendered":"<p>01 Intro<br \/>\n02 Anti-Arschkriecher<br \/>\n03 H\u00f6lle oder Heiligenschein<br \/>\n04 Mit Flammen in den Augen [Part II]<br \/>\n05 Wenn ihr mit uns singt<br \/>\n06 Wer ich war &#8211; wer ich bin<br \/>\n07 Asche und Verderben<br \/>\n08 Siehst du die Sonne<br \/>\n09 Der tiefste Punkt<br \/>\n10 Im Herzen frei<br \/>\n11 Hebt das Glas<br \/>\n12 Fahnenmeer<br \/>\n13 Leben, leben lassen<br \/>\n14 Zeit<br \/>\n15 Mit Flammen in den Augen (Bonustrack aus 2013)<\/p>\n<p>&nbsp;<\/p>\n<p>&nbsp;<\/p>\n<p>Mit \u201eSpiegelbild der Zeit\u201c bringen SCHLUSSAKKORD 2020 den ersehnten Nachfolger des Deb\u00fctalbums \u201eSpieler oder Bauer&#8221;. Die 13 brandneuen Songs klingen deutlich reifer + erwachsener, ohne dabei den typischen Schlussakkord-Stil zu verlassen. Textlich gepr\u00e4gt von eigenen Erfahrungen und Erlebnissen, kommt dieses Album mitten aus dem Leben und wird seinem Namen damit absolut gerecht. \u201eJede Erfahrung macht dich zu dem, was du heute bist.\u201c Genau das sp\u00fcrt und h\u00f6rt man im gesamten Verlauf dieses Werkes. Auch das aktuelle Weltgeschehen wird dabei keineswegs au\u00dfer acht gelassen. Knallhart und unverbl\u00fcmt, so wie man es von den th\u00fcringer Jungs kennt, werden unbequeme Themen auf den Tisch geholt, um sie danach eiskalt zu servieren.<br \/>\nMit \u201eSpiegelbild der Zeit\u201c werfen SCHLUSSAKKORD ihren Anker in die K\u00f6pfe der Fans und zeigen unmissverst\u00e4ndlich, wer Deutschrock liebt, kommt an dieser Band einfach nicht mehr vorbei!<\/p>\n","protected":false},"excerpt":{"rendered":"<p>01 Intro 02 Anti-Arschkriecher 03 H\u00f6lle oder Heiligenschein 04 Mit Flammen in den Augen [Part II] 05 Wenn ihr mit uns singt 06 Wer ich war &#8211; wer ich bin 07 Asche und Verderben 08 Siehst du die Sonne 09 Der tiefste Punkt 10 Im&hellip;<\/p>\n","protected":false},"featured_media":2294,"template":"","meta":[],"product_brand":[],"product_cat":[34],"product_tag":[],"class_list":{"0":"post-2293","1":"product","2":"type-product","3":"status-publish","4":"has-post-thumbnail","6":"product_cat-media","7":"product_shipping_class-mini-paeckchen","9":"first","10":"instock","11":"purchasable","12":"product-type-variable"},"yoast_head":"<!-- This site is optimized with the Yoast SEO plugin v26.9 - https:\/\/yoast.com\/product\/yoast-seo-wordpress\/ -->\n<title>Tape: Schlussakkord - Spiegelbild der Zeit (Album 2020) - Online Shop<\/title>\n<meta name=\"robots\" content=\"index, follow, max-snippet:-1, max-image-preview:large, max-video-preview:-1\" \/>\n<link rel=\"canonical\" href=\"https:\/\/webshop.schlussakkord.de\/?product=tape-schlussakkord-spiegelbild-der-zeit-album-2020\" \/>\n<meta property=\"og:locale\" content=\"de_DE\" \/>\n<meta property=\"og:type\" content=\"article\" \/>\n<meta property=\"og:title\" content=\"Tape: Schlussakkord - Spiegelbild der Zeit (Album 2020) - Online Shop\" \/>\n<meta property=\"og:description\" content=\"01 Intro 02 Anti-Arschkriecher 03 H\u00f6lle oder Heiligenschein 04 Mit Flammen in den Augen [Part II] 05 Wenn ihr mit uns singt 06 Wer ich war &#8211; wer ich bin 07 Asche und Verderben 08 Siehst du die Sonne 09 Der tiefste Punkt 10 Im&hellip;\" \/>\n<meta property=\"og:url\" content=\"https:\/\/webshop.schlussakkord.de\/?product=tape-schlussakkord-spiegelbild-der-zeit-album-2020\" \/>\n<meta property=\"og:site_name\" content=\"Online Shop\" \/>\n<meta property=\"article:modified_time\" content=\"2023-10-29T20:05:24+00:00\" \/>\n<meta property=\"og:image\" content=\"https:\/\/webshop.schlussakkord.de\/wp-content\/uploads\/2022\/05\/02-Back.png\" \/>\n\t<meta property=\"og:image:width\" content=\"600\" \/>\n\t<meta property=\"og:image:height\" content=\"800\" \/>\n\t<meta property=\"og:image:type\" content=\"image\/png\" \/>\n<meta name=\"twitter:card\" content=\"summary_large_image\" \/>\n<meta name=\"twitter:label1\" content=\"Gesch\u00e4tzte Lesezeit\" \/>\n\t<meta name=\"twitter:data1\" content=\"2\u00a0Minuten\" \/>\n<script type=\"application\/ld+json\" class=\"yoast-schema-graph\">{\"@context\":\"https:\/\/schema.org\",\"@graph\":[{\"@type\":\"WebPage\",\"@id\":\"https:\/\/webshop.schlussakkord.de\/?product=tape-schlussakkord-spiegelbild-der-zeit-album-2020\",\"url\":\"https:\/\/webshop.schlussakkord.de\/?product=tape-schlussakkord-spiegelbild-der-zeit-album-2020\",\"name\":\"Tape: Schlussakkord - Spiegelbild der Zeit (Album 2020) - Online Shop\",\"isPartOf\":{\"@id\":\"https:\/\/webshop.schlussakkord.de\/#website\"},\"primaryImageOfPage\":{\"@id\":\"https:\/\/webshop.schlussakkord.de\/?product=tape-schlussakkord-spiegelbild-der-zeit-album-2020#primaryimage\"},\"image\":{\"@id\":\"https:\/\/webshop.schlussakkord.de\/?product=tape-schlussakkord-spiegelbild-der-zeit-album-2020#primaryimage\"},\"thumbnailUrl\":\"https:\/\/webshop.schlussakkord.de\/wp-content\/uploads\/2022\/05\/02-Back.png\",\"datePublished\":\"2022-05-11T09:40:28+00:00\",\"dateModified\":\"2023-10-29T20:05:24+00:00\",\"breadcrumb\":{\"@id\":\"https:\/\/webshop.schlussakkord.de\/?product=tape-schlussakkord-spiegelbild-der-zeit-album-2020#breadcrumb\"},\"inLanguage\":\"de\",\"potentialAction\":[{\"@type\":\"ReadAction\",\"target\":[\"https:\/\/webshop.schlussakkord.de\/?product=tape-schlussakkord-spiegelbild-der-zeit-album-2020\"]}]},{\"@type\":\"ImageObject\",\"inLanguage\":\"de\",\"@id\":\"https:\/\/webshop.schlussakkord.de\/?product=tape-schlussakkord-spiegelbild-der-zeit-album-2020#primaryimage\",\"url\":\"https:\/\/webshop.schlussakkord.de\/wp-content\/uploads\/2022\/05\/02-Back.png\",\"contentUrl\":\"https:\/\/webshop.schlussakkord.de\/wp-content\/uploads\/2022\/05\/02-Back.png\",\"width\":600,\"height\":800},{\"@type\":\"BreadcrumbList\",\"@id\":\"https:\/\/webshop.schlussakkord.de\/?product=tape-schlussakkord-spiegelbild-der-zeit-album-2020#breadcrumb\",\"itemListElement\":[{\"@type\":\"ListItem\",\"position\":1,\"name\":\"Home\",\"item\":\"https:\/\/webshop.schlussakkord.de\/\"},{\"@type\":\"ListItem\",\"position\":2,\"name\":\"Shop\",\"item\":\"https:\/\/webshop.schlussakkord.de\/\"},{\"@type\":\"ListItem\",\"position\":3,\"name\":\"Tape: Schlussakkord &#8211; Spiegelbild der Zeit (Album 2020)\"}]},{\"@type\":\"WebSite\",\"@id\":\"https:\/\/webshop.schlussakkord.de\/#website\",\"url\":\"https:\/\/webshop.schlussakkord.de\/\",\"name\":\"Online Shop\",\"description\":\"\",\"publisher\":{\"@id\":\"https:\/\/webshop.schlussakkord.de\/#organization\"},\"potentialAction\":[{\"@type\":\"SearchAction\",\"target\":{\"@type\":\"EntryPoint\",\"urlTemplate\":\"https:\/\/webshop.schlussakkord.de\/?s={search_term_string}\"},\"query-input\":{\"@type\":\"PropertyValueSpecification\",\"valueRequired\":true,\"valueName\":\"search_term_string\"}}],\"inLanguage\":\"de\"},{\"@type\":\"Organization\",\"@id\":\"https:\/\/webshop.schlussakkord.de\/#organization\",\"name\":\"Online Shop\",\"url\":\"https:\/\/webshop.schlussakkord.de\/\",\"logo\":{\"@type\":\"ImageObject\",\"inLanguage\":\"de\",\"@id\":\"https:\/\/webshop.schlussakkord.de\/#\/schema\/logo\/image\/\",\"url\":\"https:\/\/webshop.schlussakkord.de\/wp-content\/uploads\/2022\/07\/cropped-schriftzug-schlussakkord-black.png\",\"contentUrl\":\"https:\/\/webshop.schlussakkord.de\/wp-content\/uploads\/2022\/07\/cropped-schriftzug-schlussakkord-black.png\",\"width\":9978,\"height\":2591,\"caption\":\"Online Shop\"},\"image\":{\"@id\":\"https:\/\/webshop.schlussakkord.de\/#\/schema\/logo\/image\/\"}}]}<\/script>\n<!-- \/ Yoast SEO plugin. -->","yoast_head_json":{"title":"Tape: Schlussakkord - Spiegelbild der Zeit (Album 2020) - Online Shop","robots":{"index":"index","follow":"follow","max-snippet":"max-snippet:-1","max-image-preview":"max-image-preview:large","max-video-preview":"max-video-preview:-1"},"canonical":"https:\/\/webshop.schlussakkord.de\/?product=tape-schlussakkord-spiegelbild-der-zeit-album-2020","og_locale":"de_DE","og_type":"article","og_title":"Tape: Schlussakkord - Spiegelbild der Zeit (Album 2020) - Online Shop","og_description":"01 Intro 02 Anti-Arschkriecher 03 H\u00f6lle oder Heiligenschein 04 Mit Flammen in den Augen [Part II] 05 Wenn ihr mit uns singt 06 Wer ich war &#8211; wer ich bin 07 Asche und Verderben 08 Siehst du die Sonne 09 Der tiefste Punkt 10 Im&hellip;","og_url":"https:\/\/webshop.schlussakkord.de\/?product=tape-schlussakkord-spiegelbild-der-zeit-album-2020","og_site_name":"Online Shop","article_modified_time":"2023-10-29T20:05:24+00:00","og_image":[{"width":600,"height":800,"url":"https:\/\/webshop.schlussakkord.de\/wp-content\/uploads\/2022\/05\/02-Back.png","type":"image\/png"}],"twitter_card":"summary_large_image","twitter_misc":{"Gesch\u00e4tzte Lesezeit":"2\u00a0Minuten"},"schema":{"@context":"https:\/\/schema.org","@graph":[{"@type":"WebPage","@id":"https:\/\/webshop.schlussakkord.de\/?product=tape-schlussakkord-spiegelbild-der-zeit-album-2020","url":"https:\/\/webshop.schlussakkord.de\/?product=tape-schlussakkord-spiegelbild-der-zeit-album-2020","name":"Tape: Schlussakkord - Spiegelbild der Zeit (Album 2020) - Online Shop","isPartOf":{"@id":"https:\/\/webshop.schlussakkord.de\/#website"},"primaryImageOfPage":{"@id":"https:\/\/webshop.schlussakkord.de\/?product=tape-schlussakkord-spiegelbild-der-zeit-album-2020#primaryimage"},"image":{"@id":"https:\/\/webshop.schlussakkord.de\/?product=tape-schlussakkord-spiegelbild-der-zeit-album-2020#primaryimage"},"thumbnailUrl":"https:\/\/webshop.schlussakkord.de\/wp-content\/uploads\/2022\/05\/02-Back.png","datePublished":"2022-05-11T09:40:28+00:00","dateModified":"2023-10-29T20:05:24+00:00","breadcrumb":{"@id":"https:\/\/webshop.schlussakkord.de\/?product=tape-schlussakkord-spiegelbild-der-zeit-album-2020#breadcrumb"},"inLanguage":"de","potentialAction":[{"@type":"ReadAction","target":["https:\/\/webshop.schlussakkord.de\/?product=tape-schlussakkord-spiegelbild-der-zeit-album-2020"]}]},{"@type":"ImageObject","inLanguage":"de","@id":"https:\/\/webshop.schlussakkord.de\/?product=tape-schlussakkord-spiegelbild-der-zeit-album-2020#primaryimage","url":"https:\/\/webshop.schlussakkord.de\/wp-content\/uploads\/2022\/05\/02-Back.png","contentUrl":"https:\/\/webshop.schlussakkord.de\/wp-content\/uploads\/2022\/05\/02-Back.png","width":600,"height":800},{"@type":"BreadcrumbList","@id":"https:\/\/webshop.schlussakkord.de\/?product=tape-schlussakkord-spiegelbild-der-zeit-album-2020#breadcrumb","itemListElement":[{"@type":"ListItem","position":1,"name":"Home","item":"https:\/\/webshop.schlussakkord.de\/"},{"@type":"ListItem","position":2,"name":"Shop","item":"https:\/\/webshop.schlussakkord.de\/"},{"@type":"ListItem","position":3,"name":"Tape: Schlussakkord &#8211; Spiegelbild der Zeit (Album 2020)"}]},{"@type":"WebSite","@id":"https:\/\/webshop.schlussakkord.de\/#website","url":"https:\/\/webshop.schlussakkord.de\/","name":"Online Shop","description":"","publisher":{"@id":"https:\/\/webshop.schlussakkord.de\/#organization"},"potentialAction":[{"@type":"SearchAction","target":{"@type":"EntryPoint","urlTemplate":"https:\/\/webshop.schlussakkord.de\/?s={search_term_string}"},"query-input":{"@type":"PropertyValueSpecification","valueRequired":true,"valueName":"search_term_string"}}],"inLanguage":"de"},{"@type":"Organization","@id":"https:\/\/webshop.schlussakkord.de\/#organization","name":"Online Shop","url":"https:\/\/webshop.schlussakkord.de\/","logo":{"@type":"ImageObject","inLanguage":"de","@id":"https:\/\/webshop.schlussakkord.de\/#\/schema\/logo\/image\/","url":"https:\/\/webshop.schlussakkord.de\/wp-content\/uploads\/2022\/07\/cropped-schriftzug-schlussakkord-black.png","contentUrl":"https:\/\/webshop.schlussakkord.de\/wp-content\/uploads\/2022\/07\/cropped-schriftzug-schlussakkord-black.png","width":9978,"height":2591,"caption":"Online Shop"},"image":{"@id":"https:\/\/webshop.schlussakkord.de\/#\/schema\/logo\/image\/"}}]}},"jetpack_sharing_enabled":true,"_links":{"self":[{"href":"https:\/\/webshop.schlussakkord.de\/index.php?rest_route=\/wp\/v2\/product\/2293","targetHints":{"allow":["GET"]}}],"collection":[{"href":"https:\/\/webshop.schlussakkord.de\/index.php?rest_route=\/wp\/v2\/product"}],"about":[{"href":"https:\/\/webshop.schlussakkord.de\/index.php?rest_route=\/wp\/v2\/types\/product"}],"wp:featuredmedia":[{"embeddable":true,"href":"https:\/\/webshop.schlussakkord.de\/index.php?rest_route=\/wp\/v2\/media\/2294"}],"wp:attachment":[{"href":"https:\/\/webshop.schlussakkord.de\/index.php?rest_route=%2Fwp%2Fv2%2Fmedia&parent=2293"}],"wp:term":[{"taxonomy":"product_brand","embeddable":true,"href":"https:\/\/webshop.schlussakkord.de\/index.php?rest_route=%2Fwp%2Fv2%2Fproduct_brand&post=2293"},{"taxonomy":"product_cat","embeddable":true,"href":"https:\/\/webshop.schlussakkord.de\/index.php?rest_route=%2Fwp%2Fv2%2Fproduct_cat&post=2293"},{"taxonomy":"product_tag","embeddable":true,"href":"https:\/\/webshop.schlussakkord.de\/index.php?rest_route=%2Fwp%2Fv2%2Fproduct_tag&post=2293"}],"curies":[{"name":"wp","href":"https:\/\/api.w.org\/{rel}","templated":true}]}}