{"id":2181,"date":"2021-09-29T12:56:30","date_gmt":"2021-09-29T12:56:30","guid":{"rendered":"https:\/\/webshop.schlussakkord.de\/?post_type=product&#038;p=2181"},"modified":"2021-09-29T12:57:02","modified_gmt":"2021-09-29T12:57:02","slug":"rookiesfriends-sampler-vol-3-xmas-edition2021","status":"publish","type":"product","link":"https:\/\/webshop.schlussakkord.de\/?product=rookiesfriends-sampler-vol-3-xmas-edition2021","title":{"rendered":"Rookies&#038;Friends Sampler &#8211; Vol. 3, XMAS Edition2021"},"content":{"rendered":"<div align=\"left\"><span style=\"color: #ffffff; font-family: Calibri; font-size: medium;\">2CD Digipak mit 38 Tracks (22 davon unver\u00f6ffentlicht)<\/span><\/div>\n<div align=\"left\"><span style=\"color: #ffffff;\"><span style=\"font-family: Calibri; font-size: medium;\">+ A3 Adventskalender (ungeknickte Lieferung in extra Umkarton)<\/span>, RK387, V\u00d6: 26.11.21<\/span><\/div>\n<div align=\"left\"><\/div>\n<div align=\"left\"><span style=\"color: #ffffff;\">TRACKLISTE:<\/span><\/div>\n<div align=\"left\"><span style=\"color: #ffffff;\">CD1:<\/span><\/div>\n<div align=\"left\"><span style=\"color: #ffffff;\">01. Frei.Wild &#8211; Trotzdem weiter gehen<\/span><\/div>\n<div align=\"left\"><span style=\"color: #ffffff;\">02. Rockwasser &#8211; Gott<\/span><\/div>\n<div align=\"left\"><span style=\"color: #ffffff;\">03. Stunde Null &#8211; Ph\u00f6nix aus der Asche<\/span><\/div>\n<div align=\"left\"><span style=\"color: #ffffff;\">04. Ampex &#8211; Lass mich fliegen<\/span><\/div>\n<div align=\"left\"><span style=\"color: #ffffff;\">05. Artefuckt &#8211; Du bist der Held<\/span><\/div>\n<div align=\"left\"><span style=\"color: #ffffff;\">06. Grenzen|Los &#8211; Idealist<\/span><\/div>\n<div align=\"left\"><span style=\"color: #ffffff;\">07. Ochmoneks &#8211; Der Freund den Du verdienst<\/span><\/div>\n<div align=\"left\"><span style=\"color: #ffffff;\">08. Silenzer &#8211; Deine N\u00e4he tut weh<\/span><\/div>\n<div align=\"left\"><span style=\"color: #ffffff;\">09. Schlussakkord &#8211; H\u00f6lle oder Heiligenschein<\/span><\/div>\n<div align=\"left\"><span style=\"color: #ffffff;\">10. SpitFire &#8211; Like a Lady<\/span><\/div>\n<div align=\"left\"><span style=\"color: #ffffff;\">11. Mantikor &#8211; Das Gl\u00fcck ist eine Hure<\/span><\/div>\n<div align=\"left\"><span style=\"color: #ffffff;\">12. ErnstFall &#8211; 48 Stunden<\/span><\/div>\n<div align=\"left\"><span style=\"color: #ffffff;\">13. Willkuer &#8211; Tausend Gr\u00fcnde<\/span><\/div>\n<div align=\"left\"><span style=\"color: #ffffff;\">14. Eizbrand &#8211; Lasst uns Geschichte schreiben<\/span><\/div>\n<div align=\"left\"><span style=\"color: #ffffff;\">15. Brdigung &#8211; Lass uns Leben<\/span><\/div>\n<div align=\"left\"><span style=\"color: #ffffff;\">16. Unherz &#8211; Steck den Kopf nicht in den Sand<\/span><\/div>\n<div align=\"left\"><span style=\"color: #ffffff;\">17. Tods\u00fcnde &#8211; Lauf!<\/span><\/div>\n<div align=\"left\"><span style=\"color: #ffffff;\">18. VIVA &#8211; Freundschaft Liebe Mut<\/span><\/div>\n<div align=\"left\"><span style=\"color: #ffffff;\">19. Martino Senzao &#8211; Political Superstar<\/span><\/div>\n<div align=\"left\"><\/div>\n<div align=\"left\"><span style=\"color: #ffffff;\">CD2:<\/span><\/div>\n<div align=\"left\"><span style=\"color: #ffffff;\">01. VIVA &#8211; Christmas Time (Bryan Adams Cover Version)<\/span><\/div>\n<div align=\"left\"><span style=\"color: #ffffff;\">02. Brdigung &#8211; Das Fest f\u00e4llt aus<\/span><\/div>\n<div align=\"left\"><span style=\"color: #ffffff;\">03. Grenzen|Los &#8211; Leise rieselt der Schnee<\/span><\/div>\n<div align=\"left\"><span style=\"color: #ffffff;\">04. Silenzer &#8211; Happy X-Mas (War Is Over) (John Lennon Cover Version)<\/span><\/div>\n<div align=\"left\"><span style=\"color: #ffffff;\">05. Willkuer &#8211; All I want for Christmas is you (Mariah Carey Cover Vers\u00edon)<\/span><\/div>\n<div align=\"left\"><span style=\"color: #ffffff;\">06. Stunde Null &#8211; Es ist ein Ros entsprungen<\/span><\/div>\n<div align=\"left\"><span style=\"color: #ffffff;\">07. Eizbrand &#8211; In der Weihnachtsb\u00e4ckerei (Rolf Zuckowski Cover Version)<\/span><\/div>\n<div align=\"left\"><span style=\"color: #ffffff;\">08. SpitFire &#8211; Run run Rudolph (Mot\u00f6rhead Cover Version)<\/span><\/div>\n<div align=\"left\"><span style=\"color: #ffffff;\">09. Unherz &#8211; UNstilleHERZnacht<\/span><\/div>\n<div align=\"left\"><span style=\"color: #ffffff;\">10. Mantikor &#8211; Carol of the Bells<\/span><\/div>\n<div align=\"left\"><span style=\"color: #ffffff;\">11. Tods\u00fcnde &#8211; Last Christmas (Wham! Cover Version)<\/span><\/div>\n<div align=\"left\"><span style=\"color: #ffffff;\">12. KREMER &#8211; Weihnachten rockt<\/span><\/div>\n<div align=\"left\"><span style=\"color: #ffffff;\">13. Ampex &#8211; Santa claus is coming to town (Neil Diamond Cover Version)<\/span><\/div>\n<div align=\"left\"><span style=\"color: #ffffff;\">14. ErnstFall &#8211; O du fr\u00f6hliche<\/span><\/div>\n<div align=\"left\"><span style=\"color: #ffffff;\">15. Martino Senzao &#8211; STILLe Nacht (Frei.Wild Cover Version)<\/span><\/div>\n<div align=\"left\"><span style=\"color: #ffffff;\">16. Rockwasser &#8211; White Chrismas (Irving Berlin Cover Version)<\/span><\/div>\n<div align=\"left\"><span style=\"color: #ffffff;\">17. Ochmoneks &#8211; Ach Du fr\u00f6hliche<\/span><\/div>\n<div align=\"left\"><span style=\"color: #ffffff;\">18. Schlussakkord &#8211; Rockin&#8217; around the christmas tree (Brenda Lee Cover Version)<\/span><\/div>\n<div align=\"left\"><span style=\"color: #ffffff;\">19. Artefuckt &#8211; Stille Nacht<\/span><\/div>\n<div align=\"left\"><\/div>\n<div align=\"left\"><span style=\"color: #ffffff;\">Beschreibung:<\/span><\/div>\n<div align=\"left\"><\/div>\n<div align=\"left\"><span style=\"color: #ffffff; font-family: Calibri; font-size: medium;\">Nach den grandiosen Erfolgen von R&amp;K Sampler Vol. 1 + 2 haben sich die Macher erneut zusammengesetzt, um eine weitere Ver\u00f6ffentlichung aus dieser Reihe zu kreieren.<\/span><\/div>\n<div align=\"left\"><span style=\"color: #ffffff; font-family: Calibri; font-size: medium;\">Rookies&amp;Friends, eine Zusammenkunft von befreundeten Bands der Labels Drakkar Entertainment, Massacre Records und Rookies&amp;Kings. Heraus kam eine 2CD Edition mit 20 erstklassigen Bands aus dem Deutschrock, Rock und Metal Genre. Eine gelungene Mischung aus bekannten Namen und Newcomern, die sich kein Fan handgemachter Gitarrenmusik entgehen lassen sollte. Euch erwartet eine fast 40 Songs starke Compilation und davon, sage und schreibe, 22 unver\u00f6ffentlichten Werken. Zum diesj\u00e4hrigen Weihnachtsfest, dem Fest der Liebe, der Familie und der Besinnlichkeit haben sich die 3 Labels zusammengeschlossen, um euch die Weihnachtszeit musikalisch zu vers\u00fc\u00dfen.<\/span><\/div>\n<div align=\"left\"><span style=\"color: #ffffff; font-family: Calibri; font-size: medium;\">20 Bands covern gro\u00dfartige Weihnachtssongs und geben diesen einen ganz neuen Anstrich. Metal, Punk &amp; Deutschrock Fans kommen hier alle auf ihre Kosten. Aber damit noch nicht genug, denn jede Band legt jeweils noch einen weiteren eigenen Song dazu f\u00fcr die Rookies &amp; Friends Doppel CD.<\/span><\/div>\n<div align=\"left\"><span style=\"color: #ffffff; font-family: Calibri; font-size: medium;\">Und weil ja auch Adventkalender selbst bei gro\u00dfen Kindern noch Tradition haben, gibt es diesen noch oben drauf. Der Rookies&amp;Friends Adventkalender kommt (ungeknickt) im A3 Format mit 24 individuellen Aufkleber-Stickern zusammen mit der Doppel CD im Digipak Format. Gemeinsam mit den Bands wurde dar\u00fcber hinaus noch eine Spendenaktion ins Leben gerufen. Zusammen mit euch, wollen wir in diesem Jahr f\u00fcr die Kinder-Hospiz Sternenbr\u00fccke Hamburg Geld sammeln und spenden, um die umfassende Pflege und Begleitung der Familien dort zu unterst\u00fctzen.<\/span><\/div>\n<div align=\"left\"><span style=\"color: #ffffff; font-family: Calibri; font-size: medium;\">Gibt es nicht? Gibt es doch! Weihnachten ist gerettet!<\/span><\/div>\n","protected":false},"excerpt":{"rendered":"<p>2CD Digipak mit 38 Tracks (22 davon unver\u00f6ffentlicht) + A3 Adventskalender (ungeknickte Lieferung in extra Umkarton), RK387, V\u00d6: 26.11.21 TRACKLISTE: CD1: 01. Frei.Wild &#8211; Trotzdem weiter gehen 02. Rockwasser &#8211; Gott 03. Stunde Null &#8211; Ph\u00f6nix aus der Asche 04. Ampex &#8211; Lass mich fliegen&hellip;<\/p>\n","protected":false},"featured_media":2182,"template":"","meta":[],"product_brand":[],"product_cat":[34],"product_tag":[],"class_list":{"0":"post-2181","1":"product","2":"type-product","3":"status-publish","4":"has-post-thumbnail","6":"product_cat-media","8":"first","9":"instock","10":"product-type-external"},"yoast_head":"<!-- This site is optimized with the Yoast SEO plugin v26.9 - https:\/\/yoast.com\/product\/yoast-seo-wordpress\/ -->\n<title>Rookies&amp;Friends Sampler - Vol. 3, XMAS Edition2021 - Online Shop<\/title>\n<meta name=\"robots\" content=\"index, follow, max-snippet:-1, max-image-preview:large, max-video-preview:-1\" \/>\n<link rel=\"canonical\" href=\"https:\/\/webshop.schlussakkord.de\/?product=rookiesfriends-sampler-vol-3-xmas-edition2021\" \/>\n<meta property=\"og:locale\" content=\"de_DE\" \/>\n<meta property=\"og:type\" content=\"article\" \/>\n<meta property=\"og:title\" content=\"Rookies&amp;Friends Sampler - Vol. 3, XMAS Edition2021 - Online Shop\" \/>\n<meta property=\"og:description\" content=\"2CD Digipak mit 38 Tracks (22 davon unver\u00f6ffentlicht) + A3 Adventskalender (ungeknickte Lieferung in extra Umkarton), RK387, V\u00d6: 26.11.21 TRACKLISTE: CD1: 01. Frei.Wild &#8211; Trotzdem weiter gehen 02. Rockwasser &#8211; Gott 03. Stunde Null &#8211; Ph\u00f6nix aus der Asche 04. Ampex &#8211; Lass mich fliegen&hellip;\" \/>\n<meta property=\"og:url\" content=\"https:\/\/webshop.schlussakkord.de\/?product=rookiesfriends-sampler-vol-3-xmas-edition2021\" \/>\n<meta property=\"og:site_name\" content=\"Online Shop\" \/>\n<meta property=\"article:modified_time\" content=\"2021-09-29T12:57:02+00:00\" \/>\n<meta property=\"og:image\" content=\"https:\/\/webshop.schlussakkord.de\/wp-content\/uploads\/2021\/09\/image_07769_2.jpg\" \/>\n\t<meta property=\"og:image:width\" content=\"360\" \/>\n\t<meta property=\"og:image:height\" content=\"360\" \/>\n\t<meta property=\"og:image:type\" content=\"image\/jpeg\" \/>\n<meta name=\"twitter:card\" content=\"summary_large_image\" \/>\n<meta name=\"twitter:label1\" content=\"Gesch\u00e4tzte Lesezeit\" \/>\n\t<meta name=\"twitter:data1\" content=\"3\u00a0Minuten\" \/>\n<script type=\"application\/ld+json\" class=\"yoast-schema-graph\">{\"@context\":\"https:\/\/schema.org\",\"@graph\":[{\"@type\":\"WebPage\",\"@id\":\"https:\/\/webshop.schlussakkord.de\/?product=rookiesfriends-sampler-vol-3-xmas-edition2021\",\"url\":\"https:\/\/webshop.schlussakkord.de\/?product=rookiesfriends-sampler-vol-3-xmas-edition2021\",\"name\":\"Rookies&Friends Sampler - Vol. 3, XMAS Edition2021 - Online Shop\",\"isPartOf\":{\"@id\":\"https:\/\/webshop.schlussakkord.de\/#website\"},\"primaryImageOfPage\":{\"@id\":\"https:\/\/webshop.schlussakkord.de\/?product=rookiesfriends-sampler-vol-3-xmas-edition2021#primaryimage\"},\"image\":{\"@id\":\"https:\/\/webshop.schlussakkord.de\/?product=rookiesfriends-sampler-vol-3-xmas-edition2021#primaryimage\"},\"thumbnailUrl\":\"https:\/\/webshop.schlussakkord.de\/wp-content\/uploads\/2021\/09\/image_07769_2.jpg\",\"datePublished\":\"2021-09-29T12:56:30+00:00\",\"dateModified\":\"2021-09-29T12:57:02+00:00\",\"breadcrumb\":{\"@id\":\"https:\/\/webshop.schlussakkord.de\/?product=rookiesfriends-sampler-vol-3-xmas-edition2021#breadcrumb\"},\"inLanguage\":\"de\",\"potentialAction\":[{\"@type\":\"ReadAction\",\"target\":[\"https:\/\/webshop.schlussakkord.de\/?product=rookiesfriends-sampler-vol-3-xmas-edition2021\"]}]},{\"@type\":\"ImageObject\",\"inLanguage\":\"de\",\"@id\":\"https:\/\/webshop.schlussakkord.de\/?product=rookiesfriends-sampler-vol-3-xmas-edition2021#primaryimage\",\"url\":\"https:\/\/webshop.schlussakkord.de\/wp-content\/uploads\/2021\/09\/image_07769_2.jpg\",\"contentUrl\":\"https:\/\/webshop.schlussakkord.de\/wp-content\/uploads\/2021\/09\/image_07769_2.jpg\",\"width\":360,\"height\":360},{\"@type\":\"BreadcrumbList\",\"@id\":\"https:\/\/webshop.schlussakkord.de\/?product=rookiesfriends-sampler-vol-3-xmas-edition2021#breadcrumb\",\"itemListElement\":[{\"@type\":\"ListItem\",\"position\":1,\"name\":\"Home\",\"item\":\"https:\/\/webshop.schlussakkord.de\/\"},{\"@type\":\"ListItem\",\"position\":2,\"name\":\"Shop\",\"item\":\"https:\/\/webshop.schlussakkord.de\/\"},{\"@type\":\"ListItem\",\"position\":3,\"name\":\"Rookies&#038;Friends Sampler &#8211; Vol. 3, XMAS Edition2021\"}]},{\"@type\":\"WebSite\",\"@id\":\"https:\/\/webshop.schlussakkord.de\/#website\",\"url\":\"https:\/\/webshop.schlussakkord.de\/\",\"name\":\"Online Shop\",\"description\":\"\",\"publisher\":{\"@id\":\"https:\/\/webshop.schlussakkord.de\/#organization\"},\"potentialAction\":[{\"@type\":\"SearchAction\",\"target\":{\"@type\":\"EntryPoint\",\"urlTemplate\":\"https:\/\/webshop.schlussakkord.de\/?s={search_term_string}\"},\"query-input\":{\"@type\":\"PropertyValueSpecification\",\"valueRequired\":true,\"valueName\":\"search_term_string\"}}],\"inLanguage\":\"de\"},{\"@type\":\"Organization\",\"@id\":\"https:\/\/webshop.schlussakkord.de\/#organization\",\"name\":\"Online Shop\",\"url\":\"https:\/\/webshop.schlussakkord.de\/\",\"logo\":{\"@type\":\"ImageObject\",\"inLanguage\":\"de\",\"@id\":\"https:\/\/webshop.schlussakkord.de\/#\/schema\/logo\/image\/\",\"url\":\"https:\/\/webshop.schlussakkord.de\/wp-content\/uploads\/2022\/07\/cropped-schriftzug-schlussakkord-black.png\",\"contentUrl\":\"https:\/\/webshop.schlussakkord.de\/wp-content\/uploads\/2022\/07\/cropped-schriftzug-schlussakkord-black.png\",\"width\":9978,\"height\":2591,\"caption\":\"Online Shop\"},\"image\":{\"@id\":\"https:\/\/webshop.schlussakkord.de\/#\/schema\/logo\/image\/\"}}]}<\/script>\n<!-- \/ Yoast SEO plugin. -->","yoast_head_json":{"title":"Rookies&Friends Sampler - Vol. 3, XMAS Edition2021 - Online Shop","robots":{"index":"index","follow":"follow","max-snippet":"max-snippet:-1","max-image-preview":"max-image-preview:large","max-video-preview":"max-video-preview:-1"},"canonical":"https:\/\/webshop.schlussakkord.de\/?product=rookiesfriends-sampler-vol-3-xmas-edition2021","og_locale":"de_DE","og_type":"article","og_title":"Rookies&Friends Sampler - Vol. 3, XMAS Edition2021 - Online Shop","og_description":"2CD Digipak mit 38 Tracks (22 davon unver\u00f6ffentlicht) + A3 Adventskalender (ungeknickte Lieferung in extra Umkarton), RK387, V\u00d6: 26.11.21 TRACKLISTE: CD1: 01. Frei.Wild &#8211; Trotzdem weiter gehen 02. Rockwasser &#8211; Gott 03. Stunde Null &#8211; Ph\u00f6nix aus der Asche 04. Ampex &#8211; Lass mich fliegen&hellip;","og_url":"https:\/\/webshop.schlussakkord.de\/?product=rookiesfriends-sampler-vol-3-xmas-edition2021","og_site_name":"Online Shop","article_modified_time":"2021-09-29T12:57:02+00:00","og_image":[{"width":360,"height":360,"url":"https:\/\/webshop.schlussakkord.de\/wp-content\/uploads\/2021\/09\/image_07769_2.jpg","type":"image\/jpeg"}],"twitter_card":"summary_large_image","twitter_misc":{"Gesch\u00e4tzte Lesezeit":"3\u00a0Minuten"},"schema":{"@context":"https:\/\/schema.org","@graph":[{"@type":"WebPage","@id":"https:\/\/webshop.schlussakkord.de\/?product=rookiesfriends-sampler-vol-3-xmas-edition2021","url":"https:\/\/webshop.schlussakkord.de\/?product=rookiesfriends-sampler-vol-3-xmas-edition2021","name":"Rookies&Friends Sampler - Vol. 3, XMAS Edition2021 - Online Shop","isPartOf":{"@id":"https:\/\/webshop.schlussakkord.de\/#website"},"primaryImageOfPage":{"@id":"https:\/\/webshop.schlussakkord.de\/?product=rookiesfriends-sampler-vol-3-xmas-edition2021#primaryimage"},"image":{"@id":"https:\/\/webshop.schlussakkord.de\/?product=rookiesfriends-sampler-vol-3-xmas-edition2021#primaryimage"},"thumbnailUrl":"https:\/\/webshop.schlussakkord.de\/wp-content\/uploads\/2021\/09\/image_07769_2.jpg","datePublished":"2021-09-29T12:56:30+00:00","dateModified":"2021-09-29T12:57:02+00:00","breadcrumb":{"@id":"https:\/\/webshop.schlussakkord.de\/?product=rookiesfriends-sampler-vol-3-xmas-edition2021#breadcrumb"},"inLanguage":"de","potentialAction":[{"@type":"ReadAction","target":["https:\/\/webshop.schlussakkord.de\/?product=rookiesfriends-sampler-vol-3-xmas-edition2021"]}]},{"@type":"ImageObject","inLanguage":"de","@id":"https:\/\/webshop.schlussakkord.de\/?product=rookiesfriends-sampler-vol-3-xmas-edition2021#primaryimage","url":"https:\/\/webshop.schlussakkord.de\/wp-content\/uploads\/2021\/09\/image_07769_2.jpg","contentUrl":"https:\/\/webshop.schlussakkord.de\/wp-content\/uploads\/2021\/09\/image_07769_2.jpg","width":360,"height":360},{"@type":"BreadcrumbList","@id":"https:\/\/webshop.schlussakkord.de\/?product=rookiesfriends-sampler-vol-3-xmas-edition2021#breadcrumb","itemListElement":[{"@type":"ListItem","position":1,"name":"Home","item":"https:\/\/webshop.schlussakkord.de\/"},{"@type":"ListItem","position":2,"name":"Shop","item":"https:\/\/webshop.schlussakkord.de\/"},{"@type":"ListItem","position":3,"name":"Rookies&#038;Friends Sampler &#8211; Vol. 3, XMAS Edition2021"}]},{"@type":"WebSite","@id":"https:\/\/webshop.schlussakkord.de\/#website","url":"https:\/\/webshop.schlussakkord.de\/","name":"Online Shop","description":"","publisher":{"@id":"https:\/\/webshop.schlussakkord.de\/#organization"},"potentialAction":[{"@type":"SearchAction","target":{"@type":"EntryPoint","urlTemplate":"https:\/\/webshop.schlussakkord.de\/?s={search_term_string}"},"query-input":{"@type":"PropertyValueSpecification","valueRequired":true,"valueName":"search_term_string"}}],"inLanguage":"de"},{"@type":"Organization","@id":"https:\/\/webshop.schlussakkord.de\/#organization","name":"Online Shop","url":"https:\/\/webshop.schlussakkord.de\/","logo":{"@type":"ImageObject","inLanguage":"de","@id":"https:\/\/webshop.schlussakkord.de\/#\/schema\/logo\/image\/","url":"https:\/\/webshop.schlussakkord.de\/wp-content\/uploads\/2022\/07\/cropped-schriftzug-schlussakkord-black.png","contentUrl":"https:\/\/webshop.schlussakkord.de\/wp-content\/uploads\/2022\/07\/cropped-schriftzug-schlussakkord-black.png","width":9978,"height":2591,"caption":"Online Shop"},"image":{"@id":"https:\/\/webshop.schlussakkord.de\/#\/schema\/logo\/image\/"}}]}},"jetpack_sharing_enabled":true,"_links":{"self":[{"href":"https:\/\/webshop.schlussakkord.de\/index.php?rest_route=\/wp\/v2\/product\/2181","targetHints":{"allow":["GET"]}}],"collection":[{"href":"https:\/\/webshop.schlussakkord.de\/index.php?rest_route=\/wp\/v2\/product"}],"about":[{"href":"https:\/\/webshop.schlussakkord.de\/index.php?rest_route=\/wp\/v2\/types\/product"}],"wp:featuredmedia":[{"embeddable":true,"href":"https:\/\/webshop.schlussakkord.de\/index.php?rest_route=\/wp\/v2\/media\/2182"}],"wp:attachment":[{"href":"https:\/\/webshop.schlussakkord.de\/index.php?rest_route=%2Fwp%2Fv2%2Fmedia&parent=2181"}],"wp:term":[{"taxonomy":"product_brand","embeddable":true,"href":"https:\/\/webshop.schlussakkord.de\/index.php?rest_route=%2Fwp%2Fv2%2Fproduct_brand&post=2181"},{"taxonomy":"product_cat","embeddable":true,"href":"https:\/\/webshop.schlussakkord.de\/index.php?rest_route=%2Fwp%2Fv2%2Fproduct_cat&post=2181"},{"taxonomy":"product_tag","embeddable":true,"href":"https:\/\/webshop.schlussakkord.de\/index.php?rest_route=%2Fwp%2Fv2%2Fproduct_tag&post=2181"}],"curies":[{"name":"wp","href":"https:\/\/api.w.org\/{rel}","templated":true}]}}