{"id":1931,"date":"2020-05-04T08:32:02","date_gmt":"2020-05-04T08:32:02","guid":{"rendered":"https:\/\/webshop.schlussakkord.de\/?post_type=product&#038;p=1931"},"modified":"2021-03-14T18:38:52","modified_gmt":"2021-03-14T18:38:52","slug":"wilde-flamme-engel-retter-und-helden","status":"publish","type":"product","link":"https:\/\/webshop.schlussakkord.de\/?product=wilde-flamme-engel-retter-und-helden","title":{"rendered":"WILDE FLAMME &#8211; ENGEL, RETTER UND HELDEN"},"content":{"rendered":"<div align=\"left\"><span style=\"color: #333333; font-family: Arial; font-size: small;\">Single CD Sleeve mit 2 Tracks, 20 beteiligte Bands, Knapp 200 Einzelk\u00fcnstler<\/span><\/div>\n<div align=\"left\"><\/div>\n<div align=\"left\"><span style=\"color: #333333; font-family: Arial; font-size: small;\"><a href=\"http:\/\/www.projekt-wilde-flamme.com\">www.projekt-wilde-flamme.co<\/a>m<\/span><\/div>\n<div align=\"left\"><\/div>\n<div align=\"left\"><span style=\"color: #333333; font-family: Arial; font-size: small;\">Beteiligte Bands:<\/span><\/div>\n<div align=\"left\"><span style=\"color: #333333; font-family: Arial; font-size: small;\">AMPEX, ARTEFUCKT, BAD JOKERS, EIZBRAND, FREI.WILD, GOITZSCHE FRONT, GRENZEN|LOS, HANGAR X, KING KONGS DEOROLLER, KURT OBERHOLLENZER, LOCAL BASTARD, MARCO FACCHIN, MARTINO SENZAO, ROCKWASSER, SCHLUSSAKKORD, STUNDE NULL, UNANTASTBAR, VIVA, WARTHY, WIENS NO.1<\/span><\/div>\n<div align=\"left\"><\/div>\n<div align=\"left\"><span style=\"color: #333333; font-family: Arial; font-size: small;\">Trackliste:<\/span><\/div>\n<div align=\"left\"><span style=\"color: #333333; font-family: Arial; font-size: small;\">01 &#8211; Engel, Retter und Helden<\/span><\/div>\n<div align=\"left\"><span style=\"color: #333333; font-family: Arial; font-size: small;\">02 &#8211; Engel, Retter und Helden (Karaoke Version)<\/span><\/div>\n<div align=\"left\"><\/div>\n<div align=\"left\"><span style=\"color: #333333; font-family: Arial; font-size: small;\">Beschreibung:<\/span><\/div>\n<div align=\"left\"><span style=\"color: #333333; font-family: Arial; font-size: small;\">Bereits zum f\u00fcnften Mal treffen sich Musiker aus den verschiedensten Genres, um zusammen ein Charity Projekt einzusingen und einzuspielen. Das von der Band Frei.Wild und dessen Label Rookies&amp;Kings im Jahre 2012 ins Leben gerufene Projekt, entpuppte sich im Laufe der Jahre als wirklichen Publikumsliebling und hochgelobte Sache. In der Vergangenheit wurden bereits \u00fcber 25.000 EUR gesammelt und verschiedenen wohlt\u00e4tigen Zwecken zukommen lassen. Im Jahre 2020 und durch die aktuell herrschende COVID19 Krise haben sich sage und schreibe 20 Bands bzw. rund 100 Einzelk\u00fcnstler beteiligt und einen Song der Extraklasse produziert! Das Ganze unter h\u00f6chst erschwerten Quarant\u00e4ne Bedingungen. Wir denken, das Ergebnis kann sich auch dieses Mal wirklich sehen und h\u00f6ren lassen.<\/span><\/div>\n","protected":false},"excerpt":{"rendered":"<p>Single CD Sleeve mit 2 Tracks, 20 beteiligte Bands, Knapp 200 Einzelk\u00fcnstler www.projekt-wilde-flamme.com Beteiligte Bands: AMPEX, ARTEFUCKT, BAD JOKERS, EIZBRAND, FREI.WILD, GOITZSCHE FRONT, GRENZEN|LOS, HANGAR X, KING KONGS DEOROLLER, KURT OBERHOLLENZER, LOCAL BASTARD, MARCO FACCHIN, MARTINO SENZAO, ROCKWASSER, SCHLUSSAKKORD, STUNDE NULL, UNANTASTBAR, VIVA, WARTHY, WIENS&hellip;<\/p>\n","protected":false},"featured_media":1932,"template":"","meta":[],"product_brand":[],"product_cat":[34],"product_tag":[],"class_list":{"0":"post-1931","1":"product","2":"type-product","3":"status-publish","4":"has-post-thumbnail","6":"product_cat-media","7":"product_shipping_class-mini-paeckchen","9":"first","10":"instock","11":"purchasable","12":"product-type-simple"},"yoast_head":"<!-- This site is optimized with the Yoast SEO plugin v26.9 - https:\/\/yoast.com\/product\/yoast-seo-wordpress\/ -->\n<title>WILDE FLAMME - ENGEL, RETTER UND HELDEN - Online Shop<\/title>\n<meta name=\"robots\" content=\"index, follow, max-snippet:-1, max-image-preview:large, max-video-preview:-1\" \/>\n<link rel=\"canonical\" href=\"https:\/\/webshop.schlussakkord.de\/?product=wilde-flamme-engel-retter-und-helden\" \/>\n<meta property=\"og:locale\" content=\"de_DE\" \/>\n<meta property=\"og:type\" content=\"article\" \/>\n<meta property=\"og:title\" content=\"WILDE FLAMME - ENGEL, RETTER UND HELDEN - Online Shop\" \/>\n<meta property=\"og:description\" content=\"Single CD Sleeve mit 2 Tracks, 20 beteiligte Bands, Knapp 200 Einzelk\u00fcnstler www.projekt-wilde-flamme.com Beteiligte Bands: AMPEX, ARTEFUCKT, BAD JOKERS, EIZBRAND, FREI.WILD, GOITZSCHE FRONT, GRENZEN|LOS, HANGAR X, KING KONGS DEOROLLER, KURT OBERHOLLENZER, LOCAL BASTARD, MARCO FACCHIN, MARTINO SENZAO, ROCKWASSER, SCHLUSSAKKORD, STUNDE NULL, UNANTASTBAR, VIVA, WARTHY, WIENS&hellip;\" \/>\n<meta property=\"og:url\" content=\"https:\/\/webshop.schlussakkord.de\/?product=wilde-flamme-engel-retter-und-helden\" \/>\n<meta property=\"og:site_name\" content=\"Online Shop\" \/>\n<meta property=\"article:modified_time\" content=\"2021-03-14T18:38:52+00:00\" \/>\n<meta property=\"og:image\" content=\"https:\/\/webshop.schlussakkord.de\/wp-content\/uploads\/2020\/05\/Cover_WildeFlamme_2020_web.png\" \/>\n\t<meta property=\"og:image:width\" content=\"1200\" \/>\n\t<meta property=\"og:image:height\" content=\"1200\" \/>\n\t<meta property=\"og:image:type\" content=\"image\/png\" \/>\n<meta name=\"twitter:card\" content=\"summary_large_image\" \/>\n<meta name=\"twitter:label1\" content=\"Gesch\u00e4tzte Lesezeit\" \/>\n\t<meta name=\"twitter:data1\" content=\"1\u00a0Minute\" \/>\n<script type=\"application\/ld+json\" class=\"yoast-schema-graph\">{\"@context\":\"https:\/\/schema.org\",\"@graph\":[{\"@type\":\"WebPage\",\"@id\":\"https:\/\/webshop.schlussakkord.de\/?product=wilde-flamme-engel-retter-und-helden\",\"url\":\"https:\/\/webshop.schlussakkord.de\/?product=wilde-flamme-engel-retter-und-helden\",\"name\":\"WILDE FLAMME - ENGEL, RETTER UND HELDEN - Online Shop\",\"isPartOf\":{\"@id\":\"https:\/\/webshop.schlussakkord.de\/#website\"},\"primaryImageOfPage\":{\"@id\":\"https:\/\/webshop.schlussakkord.de\/?product=wilde-flamme-engel-retter-und-helden#primaryimage\"},\"image\":{\"@id\":\"https:\/\/webshop.schlussakkord.de\/?product=wilde-flamme-engel-retter-und-helden#primaryimage\"},\"thumbnailUrl\":\"https:\/\/webshop.schlussakkord.de\/wp-content\/uploads\/2020\/05\/Cover_WildeFlamme_2020_web.png\",\"datePublished\":\"2020-05-04T08:32:02+00:00\",\"dateModified\":\"2021-03-14T18:38:52+00:00\",\"breadcrumb\":{\"@id\":\"https:\/\/webshop.schlussakkord.de\/?product=wilde-flamme-engel-retter-und-helden#breadcrumb\"},\"inLanguage\":\"de\",\"potentialAction\":[{\"@type\":\"ReadAction\",\"target\":[\"https:\/\/webshop.schlussakkord.de\/?product=wilde-flamme-engel-retter-und-helden\"]}]},{\"@type\":\"ImageObject\",\"inLanguage\":\"de\",\"@id\":\"https:\/\/webshop.schlussakkord.de\/?product=wilde-flamme-engel-retter-und-helden#primaryimage\",\"url\":\"https:\/\/webshop.schlussakkord.de\/wp-content\/uploads\/2020\/05\/Cover_WildeFlamme_2020_web.png\",\"contentUrl\":\"https:\/\/webshop.schlussakkord.de\/wp-content\/uploads\/2020\/05\/Cover_WildeFlamme_2020_web.png\",\"width\":1200,\"height\":1200},{\"@type\":\"BreadcrumbList\",\"@id\":\"https:\/\/webshop.schlussakkord.de\/?product=wilde-flamme-engel-retter-und-helden#breadcrumb\",\"itemListElement\":[{\"@type\":\"ListItem\",\"position\":1,\"name\":\"Home\",\"item\":\"https:\/\/webshop.schlussakkord.de\/\"},{\"@type\":\"ListItem\",\"position\":2,\"name\":\"Shop\",\"item\":\"https:\/\/webshop.schlussakkord.de\/\"},{\"@type\":\"ListItem\",\"position\":3,\"name\":\"WILDE FLAMME &#8211; ENGEL, RETTER UND HELDEN\"}]},{\"@type\":\"WebSite\",\"@id\":\"https:\/\/webshop.schlussakkord.de\/#website\",\"url\":\"https:\/\/webshop.schlussakkord.de\/\",\"name\":\"Online Shop\",\"description\":\"\",\"publisher\":{\"@id\":\"https:\/\/webshop.schlussakkord.de\/#organization\"},\"potentialAction\":[{\"@type\":\"SearchAction\",\"target\":{\"@type\":\"EntryPoint\",\"urlTemplate\":\"https:\/\/webshop.schlussakkord.de\/?s={search_term_string}\"},\"query-input\":{\"@type\":\"PropertyValueSpecification\",\"valueRequired\":true,\"valueName\":\"search_term_string\"}}],\"inLanguage\":\"de\"},{\"@type\":\"Organization\",\"@id\":\"https:\/\/webshop.schlussakkord.de\/#organization\",\"name\":\"Online Shop\",\"url\":\"https:\/\/webshop.schlussakkord.de\/\",\"logo\":{\"@type\":\"ImageObject\",\"inLanguage\":\"de\",\"@id\":\"https:\/\/webshop.schlussakkord.de\/#\/schema\/logo\/image\/\",\"url\":\"https:\/\/webshop.schlussakkord.de\/wp-content\/uploads\/2022\/07\/cropped-schriftzug-schlussakkord-black.png\",\"contentUrl\":\"https:\/\/webshop.schlussakkord.de\/wp-content\/uploads\/2022\/07\/cropped-schriftzug-schlussakkord-black.png\",\"width\":9978,\"height\":2591,\"caption\":\"Online Shop\"},\"image\":{\"@id\":\"https:\/\/webshop.schlussakkord.de\/#\/schema\/logo\/image\/\"}}]}<\/script>\n<!-- \/ Yoast SEO plugin. -->","yoast_head_json":{"title":"WILDE FLAMME - ENGEL, RETTER UND HELDEN - Online Shop","robots":{"index":"index","follow":"follow","max-snippet":"max-snippet:-1","max-image-preview":"max-image-preview:large","max-video-preview":"max-video-preview:-1"},"canonical":"https:\/\/webshop.schlussakkord.de\/?product=wilde-flamme-engel-retter-und-helden","og_locale":"de_DE","og_type":"article","og_title":"WILDE FLAMME - ENGEL, RETTER UND HELDEN - Online Shop","og_description":"Single CD Sleeve mit 2 Tracks, 20 beteiligte Bands, Knapp 200 Einzelk\u00fcnstler www.projekt-wilde-flamme.com Beteiligte Bands: AMPEX, ARTEFUCKT, BAD JOKERS, EIZBRAND, FREI.WILD, GOITZSCHE FRONT, GRENZEN|LOS, HANGAR X, KING KONGS DEOROLLER, KURT OBERHOLLENZER, LOCAL BASTARD, MARCO FACCHIN, MARTINO SENZAO, ROCKWASSER, SCHLUSSAKKORD, STUNDE NULL, UNANTASTBAR, VIVA, WARTHY, WIENS&hellip;","og_url":"https:\/\/webshop.schlussakkord.de\/?product=wilde-flamme-engel-retter-und-helden","og_site_name":"Online Shop","article_modified_time":"2021-03-14T18:38:52+00:00","og_image":[{"width":1200,"height":1200,"url":"https:\/\/webshop.schlussakkord.de\/wp-content\/uploads\/2020\/05\/Cover_WildeFlamme_2020_web.png","type":"image\/png"}],"twitter_card":"summary_large_image","twitter_misc":{"Gesch\u00e4tzte Lesezeit":"1\u00a0Minute"},"schema":{"@context":"https:\/\/schema.org","@graph":[{"@type":"WebPage","@id":"https:\/\/webshop.schlussakkord.de\/?product=wilde-flamme-engel-retter-und-helden","url":"https:\/\/webshop.schlussakkord.de\/?product=wilde-flamme-engel-retter-und-helden","name":"WILDE FLAMME - ENGEL, RETTER UND HELDEN - Online Shop","isPartOf":{"@id":"https:\/\/webshop.schlussakkord.de\/#website"},"primaryImageOfPage":{"@id":"https:\/\/webshop.schlussakkord.de\/?product=wilde-flamme-engel-retter-und-helden#primaryimage"},"image":{"@id":"https:\/\/webshop.schlussakkord.de\/?product=wilde-flamme-engel-retter-und-helden#primaryimage"},"thumbnailUrl":"https:\/\/webshop.schlussakkord.de\/wp-content\/uploads\/2020\/05\/Cover_WildeFlamme_2020_web.png","datePublished":"2020-05-04T08:32:02+00:00","dateModified":"2021-03-14T18:38:52+00:00","breadcrumb":{"@id":"https:\/\/webshop.schlussakkord.de\/?product=wilde-flamme-engel-retter-und-helden#breadcrumb"},"inLanguage":"de","potentialAction":[{"@type":"ReadAction","target":["https:\/\/webshop.schlussakkord.de\/?product=wilde-flamme-engel-retter-und-helden"]}]},{"@type":"ImageObject","inLanguage":"de","@id":"https:\/\/webshop.schlussakkord.de\/?product=wilde-flamme-engel-retter-und-helden#primaryimage","url":"https:\/\/webshop.schlussakkord.de\/wp-content\/uploads\/2020\/05\/Cover_WildeFlamme_2020_web.png","contentUrl":"https:\/\/webshop.schlussakkord.de\/wp-content\/uploads\/2020\/05\/Cover_WildeFlamme_2020_web.png","width":1200,"height":1200},{"@type":"BreadcrumbList","@id":"https:\/\/webshop.schlussakkord.de\/?product=wilde-flamme-engel-retter-und-helden#breadcrumb","itemListElement":[{"@type":"ListItem","position":1,"name":"Home","item":"https:\/\/webshop.schlussakkord.de\/"},{"@type":"ListItem","position":2,"name":"Shop","item":"https:\/\/webshop.schlussakkord.de\/"},{"@type":"ListItem","position":3,"name":"WILDE FLAMME &#8211; ENGEL, RETTER UND HELDEN"}]},{"@type":"WebSite","@id":"https:\/\/webshop.schlussakkord.de\/#website","url":"https:\/\/webshop.schlussakkord.de\/","name":"Online Shop","description":"","publisher":{"@id":"https:\/\/webshop.schlussakkord.de\/#organization"},"potentialAction":[{"@type":"SearchAction","target":{"@type":"EntryPoint","urlTemplate":"https:\/\/webshop.schlussakkord.de\/?s={search_term_string}"},"query-input":{"@type":"PropertyValueSpecification","valueRequired":true,"valueName":"search_term_string"}}],"inLanguage":"de"},{"@type":"Organization","@id":"https:\/\/webshop.schlussakkord.de\/#organization","name":"Online Shop","url":"https:\/\/webshop.schlussakkord.de\/","logo":{"@type":"ImageObject","inLanguage":"de","@id":"https:\/\/webshop.schlussakkord.de\/#\/schema\/logo\/image\/","url":"https:\/\/webshop.schlussakkord.de\/wp-content\/uploads\/2022\/07\/cropped-schriftzug-schlussakkord-black.png","contentUrl":"https:\/\/webshop.schlussakkord.de\/wp-content\/uploads\/2022\/07\/cropped-schriftzug-schlussakkord-black.png","width":9978,"height":2591,"caption":"Online Shop"},"image":{"@id":"https:\/\/webshop.schlussakkord.de\/#\/schema\/logo\/image\/"}}]}},"jetpack_sharing_enabled":true,"_links":{"self":[{"href":"https:\/\/webshop.schlussakkord.de\/index.php?rest_route=\/wp\/v2\/product\/1931","targetHints":{"allow":["GET"]}}],"collection":[{"href":"https:\/\/webshop.schlussakkord.de\/index.php?rest_route=\/wp\/v2\/product"}],"about":[{"href":"https:\/\/webshop.schlussakkord.de\/index.php?rest_route=\/wp\/v2\/types\/product"}],"wp:featuredmedia":[{"embeddable":true,"href":"https:\/\/webshop.schlussakkord.de\/index.php?rest_route=\/wp\/v2\/media\/1932"}],"wp:attachment":[{"href":"https:\/\/webshop.schlussakkord.de\/index.php?rest_route=%2Fwp%2Fv2%2Fmedia&parent=1931"}],"wp:term":[{"taxonomy":"product_brand","embeddable":true,"href":"https:\/\/webshop.schlussakkord.de\/index.php?rest_route=%2Fwp%2Fv2%2Fproduct_brand&post=1931"},{"taxonomy":"product_cat","embeddable":true,"href":"https:\/\/webshop.schlussakkord.de\/index.php?rest_route=%2Fwp%2Fv2%2Fproduct_cat&post=1931"},{"taxonomy":"product_tag","embeddable":true,"href":"https:\/\/webshop.schlussakkord.de\/index.php?rest_route=%2Fwp%2Fv2%2Fproduct_tag&post=1931"}],"curies":[{"name":"wp","href":"https:\/\/api.w.org\/{rel}","templated":true}]}}